{"id":1307,"date":"2025-11-14T15:12:28","date_gmt":"2025-11-14T14:12:28","guid":{"rendered":"https:\/\/asandrov.com\/?page_id=1307"},"modified":"2025-11-14T15:51:31","modified_gmt":"2025-11-14T14:51:31","slug":"moje-konto","status":"publish","type":"page","link":"https:\/\/asandrov.com\/en\/moje-konto\/","title":{"rendered":"Moje konto"},"content":{"rendered":"<div class=\"wp-block-stackable-columns alignfull stk-block-columns stk-block stk-bfdcc56 stk-block-background stk--has-background-overlay\" data-block-id=\"bfdcc56\"><style>.stk-bfdcc56 {background-image:url(https:\/\/asandrov.com\/wp-content\/uploads\/2025\/11\/PIERWSZA-FOT-STRONA-GLOWNA-IMG_5415-1.jpg) !important;padding-top:270px !important;padding-bottom:150px !important;margin-bottom:0px !important;}@media screen and (max-width:999px){.stk-bfdcc56 {padding-top:200px !important;padding-bottom:140px !important;}}@media screen and (max-width:689px){.stk-bfdcc56 {padding-top:170px !important;padding-bottom:100px !important;}}<\/style><div class=\"stk-row stk-inner-blocks has-text-align-center-mobile stk-block-content stk-content-align stk-bfdcc56-column\">\n<div class=\"wp-block-stackable-column stk-block-column stk-column stk-block stk-69e1cc9\" data-v=\"4\" data-block-id=\"69e1cc9\"><style>.stk-69e1cc9-container{margin-top:0px !important;margin-right:0px !important;margin-bottom:0px !important;margin-left:0px !important;}@media screen and (min-width:690px) and (max-width:999px){.stk-69e1cc9 {flex:var(--stk-flex-grow, 1) 1 75% !important;}}<\/style><div class=\"stk-column-wrapper stk-block-column__content stk-container stk-69e1cc9-container stk--no-background stk--no-padding\"><div class=\"stk-block-content stk-inner-blocks stk-69e1cc9-inner-blocks\">\n<div class=\"wp-block-stackable-heading stk-block-heading stk-block-heading--v2 stk-block stk-10c3cf1\" id=\"konto\" data-block-id=\"10c3cf1\"><style>.stk-10c3cf1 {margin-bottom:20px !important;}.stk-10c3cf1 .stk-block-heading__text{font-size:50px !important;color:var(--theme-palette-color-8, #ffffff) !important;line-height:1.4em !important;font-family:\"Khmer MN\", Sans-serif !important;}@media screen and (max-width:999px){.stk-10c3cf1 .stk-block-heading__text{font-size:40px !important;}}@media screen and (max-width:689px){.stk-10c3cf1 .stk-block-heading__text{font-size:30px !important;}}<\/style><h2 class=\"stk-block-heading__text has-text-color has-palette-color-8-color\">Konto<\/h2><\/div>\n\n\n\n<\/div><\/div><\/div>\n\n\n\n<div class=\"wp-block-stackable-column stk-block-column stk-column stk-block stk-49288dc\" data-v=\"4\" data-block-id=\"49288dc\"><style>.stk-49288dc-container{margin-top:0px !important;margin-right:0px !important;margin-bottom:0px !important;margin-left:0px !important;}<\/style><div class=\"stk-column-wrapper stk-block-column__content stk-container stk-49288dc-container stk--no-background stk--no-padding\"><div class=\"stk-block-content stk-inner-blocks stk-49288dc-inner-blocks\"><\/div><\/div><\/div>\n<\/div><\/div>\n\n\n\n<div class=\"wp-block-stackable-spacer stk-block-spacer stk--no-padding stk-block stk-a8f7cff\" data-block-id=\"a8f7cff\"><style>.stk-a8f7cff {height:120px !important;}@media screen and (max-width:999px){.stk-a8f7cff {height:70px !important;}}<\/style><\/div>\n\n\n\n<div class=\"wp-block-stackable-columns stk-block-columns stk-block stk-a585177\" data-block-id=\"a585177\"><div class=\"stk-row stk-inner-blocks stk-block-content stk-content-align stk-a585177-column\">\n<div class=\"wp-block-stackable-column stk-block-column stk-column stk-block stk-a06cb02\" data-v=\"4\" data-block-id=\"a06cb02\"><style class=\"stk-custom-css\">.stk-a06cb02.stk-block-column a{color:#b3b3b3 !important}.stk-a06cb02.stk-block-column a:hover{color:#000000 !important}.stk-a06cb02 span.social-sep{display:none !important}<\/style><div class=\"stk-column-wrapper stk-block-column__content stk-container stk-a06cb02-container stk--no-background stk--no-padding\"><div class=\"stk-block-content stk-inner-blocks stk-a06cb02-inner-blocks\"><div class=\"woocommerce ct-woo-unauthorized\"><\/div>\n<\/div><\/div><\/div>\n<\/div><\/div>\n\n\n\n<div class=\"wp-block-stackable-spacer stk-block-spacer stk--no-padding stk-block stk-66fc7bf\" data-block-id=\"66fc7bf\"><style>.stk-66fc7bf {height:120px !important;}@media screen and (max-width:999px){.stk-66fc7bf {height:70px !important;}}<\/style><\/div>\n\n\n\n<div class=\"wp-block-stackable-columns alignfull stk-block-columns stk-block stk-7ff8b0a stk-block-background stk--has-background-overlay\" data-block-id=\"7ff8b0a\"><style>.stk-7ff8b0a {background-color:transparent !important;background-image:url(https:\/\/asandrov.com\/wp-content\/uploads\/2025\/11\/FN_1120_fb-a.jpg) !important;background-position:center center !important;padding-top:270px !important;padding-bottom:110px !important;margin-bottom:0px !important;}.stk-7ff8b0a:before{opacity:0.6 !important;background-image:linear-gradient(0deg, var(--theme-palette-color-4, #030306) 20%, transparent 100%) !important;}@media screen and (max-width:999px){.stk-7ff8b0a {padding-top:150px !important;padding-bottom:70px !important;}}<\/style><div class=\"stk-row stk-inner-blocks stk-block-content stk-content-align stk-7ff8b0a-column\">\n<div class=\"wp-block-stackable-column stk-block-column stk-column stk-block stk-613ec14\" data-v=\"4\" data-block-id=\"613ec14\"><style>.stk-613ec14-container{margin-top:0px !important;margin-right:0px !important;margin-bottom:0px !important;margin-left:0px !important;}.stk-613ec14 {max-width:580px !important;min-width:auto !important;margin-right:auto !important;margin-left:auto !important;}<\/style><div class=\"stk-column-wrapper stk-block-column__content stk-container stk-613ec14-container stk--no-background stk--no-padding\"><div class=\"stk-block-content stk-inner-blocks stk-613ec14-inner-blocks\">\n<div class=\"wp-block-stackable-heading stk-block-heading stk-block-heading--v2 stk-block stk-ce75b01\" id=\"dolacz-do-swiata-asandrov\" data-block-id=\"ce75b01\"><style>.stk-ce75b01 {margin-bottom:10px !important;}.stk-ce75b01 .stk-block-heading__text{color:var(--theme-palette-color-8, #ffffff) !important;}@media screen and (max-width:999px){.stk-ce75b01 .stk-block-heading__text{font-size:30px !important;}}@media screen and (max-width:689px){.stk-ce75b01 .stk-block-heading__text{font-size:22px !important;}}<\/style><h2 class=\"stk-block-heading__text has-text-color has-palette-color-8-color has-text-align-center\">Join the world of ASANDROV<\/h2><\/div>\n\n\n\n<div class=\"wp-block-stackable-subtitle stk-block-subtitle stk-block stk-0587f7b\" data-block-id=\"0587f7b\"><style>.stk-0587f7b {opacity:0.8 !important;}.stk-0587f7b .stk-block-subtitle__text{color:var(--theme-palette-color-8, #ffffff) !important;}<\/style><p class=\"stk-block-subtitle__text stk-subtitle has-text-color has-palette-color-8-color has-text-align-center\">Receive updates about collections and events.<\/p><\/div>\n\n\n<div class=\"wpforms-container wpforms-block wpforms-block-304ec80e-2a27-4734-9f85-127a4f5bb5d6 ct-wpforms-inline-fields wpforms-render-modern\" id=\"wpforms-270\"><form id=\"wpforms-form-270\" class=\"wpforms-validate wpforms-form\" data-formid=\"270\" method=\"post\" enctype=\"multipart\/form-data\" action=\"\/en\/wp-json\/wp\/v2\/pages\/1307\" data-token=\"111b94e2d4cdc60e423dfdba97e6ad2d\" data-token-time=\"1776520358\" data-trp-original-action=\"\/en\/wp-json\/wp\/v2\/pages\/1307\"><noscript class=\"wpforms-error-noscript\">Please enable JavaScript in your browser to complete this form.<\/noscript><div id=\"wpforms-error-noscript\" style=\"display: none;\">Please enable JavaScript in your browser to complete this form.<\/div><div class=\"wpforms-field-container\"><div id=\"wpforms-270-field_1-container\" class=\"wpforms-field wpforms-field-email\" data-field-id=\"1\"><label class=\"wpforms-field-label wpforms-label-hide\" for=\"wpforms-270-field_1\" aria-hidden=\"false\">E-mail <span class=\"wpforms-required-label\" aria-hidden=\"true\">*<\/span><\/label><input type=\"email\" id=\"wpforms-270-field_1\" class=\"wpforms-field-large wpforms-field-required\" name=\"wpforms[fields][1]\" placeholder=\"Enter your email address...\" spellcheck=\"false\" aria-errormessage=\"wpforms-270-field_1-error\" required><\/div><\/div><!-- .wpforms-field-container --><div class=\"wpforms-submit-container\" ><input type=\"hidden\" name=\"wpforms[id]\" value=\"270\"><input type=\"hidden\" name=\"page_title\" value=\"\"><input type=\"hidden\" name=\"page_url\" value=\"https:\/\/asandrov.com\/en\/wp-json\/wp\/v2\/pages\/1307\"><input type=\"hidden\" name=\"url_referer\" value=\"\"><button type=\"submit\" name=\"wpforms[submit]\" id=\"wpforms-submit-270\" class=\"wpforms-submit\" data-alt-text=\"Wysy\u0142anie...\" data-submit-text=\"Zapisz si\u0119!\" aria-live=\"assertive\" value=\"wpforms-submit\">Sign up!<\/button><\/div><input type=\"hidden\" name=\"trp-form-language\" value=\"en\"\/><\/form><\/div>  <!-- .wpforms-container --><\/div><\/div><\/div>\n<\/div><\/div>","protected":false},"excerpt":{"rendered":"<p>Konto Do\u0142\u0105cz do \u015bwiata ASANDROV otrzymuj aktualno\u015bci o kolekcjach i wydarzeniach.<\/p>","protected":false},"author":1,"featured_media":0,"parent":0,"menu_order":0,"comment_status":"closed","ping_status":"closed","template":"","meta":{"footnotes":""},"class_list":["post-1307","page","type-page","status-publish","hentry"],"blocksy_meta":{"page_title_panel":"","has_hero_section":"disabled","8a95b2fa5abaddfe4bf67eb80837f476":"","hero_section":"type-1","hero_elements":[{"id":"custom_title","enabled":true,"heading_tag":"h1","title":"Home"},{"id":"custom_description","enabled":true,"description_visibility":{"desktop":true,"tablet":true,"mobile":false}},{"id":"custom_meta","enabled":false,"meta_elements":[{"id":"author","enabled":true,"label":"By","has_author_avatar":"yes","avatar_size":25},{"id":"post_date","enabled":true,"label":"On","date_format_source":"default","date_format":"M j, Y"},{"id":"updated_date","enabled":false,"label":"On","date_format_source":"default","date_format":"M j, Y"},{"id":"categories","enabled":false,"label":"In","style":"simple"},{"id":"comments","enabled":true}],"page_meta_elements":{"joined":true,"articles_count":true,"comments":true}},{"id":"breadcrumbs","enabled":false}],"b7dc59f313e0371a9ec59500f3114542":"","hero_alignment1":"CT_CSS_SKIP_RULE","hero_margin":40,"hero_alignment2":"center","hero_vertical_alignment":"center","945035912dedf1afc37752f48abc8a0d":"","hero_structure":"narrow","43cd6c0d90337fa0037c75d293fc8d10":"","page_title_bg_type":"featured_image","custom_hero_background":{"attachment_id":null},"parallax":{"desktop":false,"tablet":false,"mobile":false},"00c1a4dbd48ef81f4166a8911a96abf0":"","hero_height":"250px","pageTitleFont":{"family":"Default","variation":"Default","size":"30px","line-height":"CT_CSS_SKIP_RULE","letter-spacing":"CT_CSS_SKIP_RULE","text-transform":"CT_CSS_SKIP_RULE","text-decoration":"CT_CSS_SKIP_RULE"},"pageTitleFontColor":{"default":{"color":"CT_CSS_SKIP_RULEDEFAULT"}},"pageMetaFont":{"family":"Default","variation":"n6","size":"12px","line-height":"1.3","letter-spacing":"CT_CSS_SKIP_RULE","text-transform":"uppercase","text-decoration":"CT_CSS_SKIP_RULE"},"pageMetaFontColor":{"default":{"color":"CT_CSS_SKIP_RULEDEFAULT"},"hover":{"color":"CT_CSS_SKIP_RULEDEFAULT"}},"page_meta_button_type_font_colors":{"default":{"color":"CT_CSS_SKIP_RULEDEFAULT"},"hover":{"color":"CT_CSS_SKIP_RULEDEFAULT"}},"page_meta_button_type_background_colors":{"default":{"color":"CT_CSS_SKIP_RULEDEFAULT"},"hover":{"color":"CT_CSS_SKIP_RULEDEFAULT"}},"pageExcerptFont":{"family":"Default","variation":"Default","size":"CT_CSS_SKIP_RULE","line-height":"CT_CSS_SKIP_RULE","letter-spacing":"CT_CSS_SKIP_RULE","text-transform":"CT_CSS_SKIP_RULE","text-decoration":"CT_CSS_SKIP_RULE"},"pageExcerptColor":{"default":{"color":"CT_CSS_SKIP_RULEDEFAULT"}},"breadcrumbsFont":{"family":"Default","variation":"Default","size":"CT_CSS_SKIP_RULE","line-height":"CT_CSS_SKIP_RULE","letter-spacing":"CT_CSS_SKIP_RULE","text-transform":"CT_CSS_SKIP_RULE","text-decoration":"CT_CSS_SKIP_RULE"},"breadcrumbsFontColor":{"default":{"color":"CT_CSS_SKIP_RULEDEFAULT"},"initial":{"color":"CT_CSS_SKIP_RULEDEFAULT"},"hover":{"color":"CT_CSS_SKIP_RULEDEFAULT"}},"pageTitleOverlay":{"background_type":"color","background_pattern":"type-1","background_image":{"attachment_id":null,"x":0,"y":0},"gradient":"linear-gradient(135deg,rgba(6,147,227,1) 0%,rgb(155,81,224) 100%)","background_repeat":"repeat","background_size":"auto","background_attachment":"scroll","patternColor":{"default":{"color":"#e5e7ea"}},"overlayColor":{"default":{"color":"CT_CSS_SKIP_RULE"}},"backgroundColor":{"default":{"color":"CT_CSS_SKIP_RULE"}}},"pageTitleBackground":{"background_type":"color","background_pattern":"type-1","background_image":{"attachment_id":null,"x":0,"y":0},"gradient":"linear-gradient(135deg,rgba(6,147,227,1) 0%,rgb(155,81,224) 100%)","background_repeat":"repeat","background_size":"auto","background_attachment":"scroll","patternColor":{"default":{"color":"#e5e7ea"}},"overlayColor":{"default":{"color":"CT_CSS_SKIP_RULE"}},"backgroundColor":{"default":{"color":"var(--theme-palette-color-6)"}}},"pageTitlePadding":{"top":"50px","bottom":"50px","left":"auto","right":"auto","linked":true},"a294ec8a74969a7dd51cf94e04881e73":"","page_structure_type":"default","2f1ccf23988711d8c89a5363db2090a4":"","content_style_source":"inherit","content_style":"wide","vertical_spacing_source":"custom","content_area_spacing":"none","background":{"background_type":"color","background_pattern":"type-1","background_image":{"attachment_id":null,"x":0,"y":0},"gradient":"linear-gradient(135deg,rgba(6,147,227,1) 0%,rgb(155,81,224) 100%)","background_repeat":"repeat","background_size":"auto","background_attachment":"scroll","patternColor":{"default":{"color":"#e5e7ea"}},"overlayColor":{"default":{"color":"CT_CSS_SKIP_RULE"}},"backgroundColor":{"default":{"color":"CT_CSS_SKIP_RULE"}}},"content_background":{"background_type":"color","background_pattern":"type-1","background_image":{"attachment_id":null,"x":0,"y":0},"gradient":"linear-gradient(135deg,rgba(6,147,227,1) 0%,rgb(155,81,224) 100%)","background_repeat":"repeat","background_size":"auto","background_attachment":"scroll","patternColor":{"default":{"color":"#e5e7ea"}},"overlayColor":{"default":{"color":"CT_CSS_SKIP_RULE"}},"backgroundColor":{"default":{"color":"var(--theme-palette-color-8)"}}},"content_boxed_shadow":{"inherit":false,"blur":18,"spread":-6,"v_offset":12,"h_offset":0,"inset":false,"enable":true,"color":{"color":"rgba(34, 56, 101, 0.04)"}},"boxed_content_spacing":{"desktop":{"top":"40px","bottom":"40px","left":"40px","right":"40px","linked":true},"tablet":{"top":"35px","bottom":"35px","left":"35px","right":"35px","linked":true},"mobile":{"top":"20px","bottom":"20px","left":"20px","right":"20px","linked":true}},"content_boxed_radius":{"top":"3px","bottom":"3px","left":"3px","right":"3px","linked":true},"89a455029062c524da90d2350d6fd2e3":"","disable_featured_image":"no","disable_header":"no","disable_footer":"no","styles_descriptor":{"styles":{"desktop":"","tablet":"","mobile":""},"google_fonts":[],"version":6}},"_links":{"self":[{"href":"https:\/\/asandrov.com\/en\/wp-json\/wp\/v2\/pages\/1307","targetHints":{"allow":["GET"]}}],"collection":[{"href":"https:\/\/asandrov.com\/en\/wp-json\/wp\/v2\/pages"}],"about":[{"href":"https:\/\/asandrov.com\/en\/wp-json\/wp\/v2\/types\/page"}],"author":[{"embeddable":true,"href":"https:\/\/asandrov.com\/en\/wp-json\/wp\/v2\/users\/1"}],"replies":[{"embeddable":true,"href":"https:\/\/asandrov.com\/en\/wp-json\/wp\/v2\/comments?post=1307"}],"version-history":[{"count":11,"href":"https:\/\/asandrov.com\/en\/wp-json\/wp\/v2\/pages\/1307\/revisions"}],"predecessor-version":[{"id":1332,"href":"https:\/\/asandrov.com\/en\/wp-json\/wp\/v2\/pages\/1307\/revisions\/1332"}],"wp:attachment":[{"href":"https:\/\/asandrov.com\/en\/wp-json\/wp\/v2\/media?parent=1307"}],"curies":[{"name":"wp","href":"https:\/\/api.w.org\/{rel}","templated":true}]}}