{"id":1110,"date":"2025-11-13T11:55:30","date_gmt":"2025-11-13T10:55:30","guid":{"rendered":"https:\/\/asandrov.com\/?post_type=product&#038;p=1110"},"modified":"2025-11-13T19:27:22","modified_gmt":"2025-11-13T18:27:22","slug":"marynarka-lniana-damska-biala-z-haftem-i-spodnie-lniane-damskie-biale","status":"publish","type":"product","link":"https:\/\/asandrov.com\/en\/product\/marynarka-lniana-damska-biala-z-haftem-i-spodnie-lniane-damskie-biale\/","title":{"rendered":"White women's linen blazer with embroidery &amp; white women's linen trousers"},"content":{"rendered":"<p><strong>Option to purchase a full set or individual pieces:<\/strong><\/p>\n<p class=\"translation-block\">Blazer - 100% linen, silk lining, mother-of-pearl buttons<\/p>\n<p class=\"translation-block\">Trousers - 100% linen<\/p>","protected":false},"excerpt":{"rendered":"<p>Mo\u017cliwo\u015b\u0107 zakupu komplet\/elementy pojedyncze: Marynarka &#8211; len 100%, jedwabna podszewka, guziki z macicy per\u0142owej. Spodnie &#8211; len 100%<\/p>","protected":false},"featured_media":1111,"template":"","meta":[],"product_brand":[],"product_cat":[28],"product_tag":[],"class_list":{"0":"post-1110","1":"product","2":"type-product","3":"status-publish","4":"has-post-thumbnail","6":"product_cat-manuscript","8":"first","9":"instock","10":"shipping-taxable","11":"product-type-simple"},"_links":{"self":[{"href":"https:\/\/asandrov.com\/en\/wp-json\/wp\/v2\/product\/1110","targetHints":{"allow":["GET"]}}],"collection":[{"href":"https:\/\/asandrov.com\/en\/wp-json\/wp\/v2\/product"}],"about":[{"href":"https:\/\/asandrov.com\/en\/wp-json\/wp\/v2\/types\/product"}],"wp:featuredmedia":[{"embeddable":true,"href":"https:\/\/asandrov.com\/en\/wp-json\/wp\/v2\/media\/1111"}],"wp:attachment":[{"href":"https:\/\/asandrov.com\/en\/wp-json\/wp\/v2\/media?parent=1110"}],"wp:term":[{"taxonomy":"product_brand","embeddable":true,"href":"https:\/\/asandrov.com\/en\/wp-json\/wp\/v2\/product_brand?post=1110"},{"taxonomy":"product_cat","embeddable":true,"href":"https:\/\/asandrov.com\/en\/wp-json\/wp\/v2\/product_cat?post=1110"},{"taxonomy":"product_tag","embeddable":true,"href":"https:\/\/asandrov.com\/en\/wp-json\/wp\/v2\/product_tag?post=1110"}],"curies":[{"name":"wp","href":"https:\/\/api.w.org\/{rel}","templated":true}]}}