{"id":1165,"date":"2025-11-13T12:59:57","date_gmt":"2025-11-13T11:59:57","guid":{"rendered":"https:\/\/asandrov.com\/?post_type=product&#038;p=1165"},"modified":"2025-11-13T19:27:15","modified_gmt":"2025-11-13T18:27:15","slug":"marynarka-lniana-damska-z-haftem-i-spodnica-lniana","status":"publish","type":"product","link":"https:\/\/asandrov.com\/en\/product\/marynarka-lniana-damska-z-haftem-i-spodnica-lniana\/","title":{"rendered":"Women's linen blazer with embroidery &amp; linen skirt"},"content":{"rendered":"<p><strong>Option to purchase a full set or individual pieces:<\/strong><\/p>\n<p>Blazer with embroidery - 100% linen, silk lining, mother-of-pearl buttons<\/p>\n<p><span style=\"font-weight: 400;\">Skirt - 100% linen<\/span><\/p>","protected":false},"excerpt":{"rendered":"<p>Mo\u017cliwo\u015b\u0107 zakupu komplet\/elementy pojedyncze: Marynarka &#8211; len 100%, jedwabna podszewka, guziki z macicy per\u0142owej Sp\u00f3dnica &#8211;\u00a0 len 100%<\/p>","protected":false},"featured_media":1136,"template":"","meta":[],"product_brand":[],"product_cat":[28],"product_tag":[],"class_list":{"0":"post-1165","1":"product","2":"type-product","3":"status-publish","4":"has-post-thumbnail","6":"product_cat-manuscript","8":"first","9":"instock","10":"shipping-taxable","11":"product-type-simple"},"_links":{"self":[{"href":"https:\/\/asandrov.com\/en\/wp-json\/wp\/v2\/product\/1165","targetHints":{"allow":["GET"]}}],"collection":[{"href":"https:\/\/asandrov.com\/en\/wp-json\/wp\/v2\/product"}],"about":[{"href":"https:\/\/asandrov.com\/en\/wp-json\/wp\/v2\/types\/product"}],"wp:featuredmedia":[{"embeddable":true,"href":"https:\/\/asandrov.com\/en\/wp-json\/wp\/v2\/media\/1136"}],"wp:attachment":[{"href":"https:\/\/asandrov.com\/en\/wp-json\/wp\/v2\/media?parent=1165"}],"wp:term":[{"taxonomy":"product_brand","embeddable":true,"href":"https:\/\/asandrov.com\/en\/wp-json\/wp\/v2\/product_brand?post=1165"},{"taxonomy":"product_cat","embeddable":true,"href":"https:\/\/asandrov.com\/en\/wp-json\/wp\/v2\/product_cat?post=1165"},{"taxonomy":"product_tag","embeddable":true,"href":"https:\/\/asandrov.com\/en\/wp-json\/wp\/v2\/product_tag?post=1165"}],"curies":[{"name":"wp","href":"https:\/\/api.w.org\/{rel}","templated":true}]}}