{"id":1203,"date":"2025-11-13T13:26:09","date_gmt":"2025-11-13T12:26:09","guid":{"rendered":"https:\/\/asandrov.com\/?post_type=product&#038;p=1203"},"modified":"2025-11-13T19:26:16","modified_gmt":"2025-11-13T18:26:16","slug":"bluzka-lniana-niebieska-z-haftem-i-szorty-lniane-niebieskie","status":"publish","type":"product","link":"https:\/\/asandrov.com\/en\/product\/bluzka-lniana-niebieska-z-haftem-i-szorty-lniane-niebieskie\/","title":{"rendered":"Blue women's linen blouse with embroidery &amp; blue linen shorts"},"content":{"rendered":"<p><strong>Option to purchase a full set or individual pieces:<\/strong><\/p>\n<p><span style=\"font-weight: 400;\">Blouse - 100% linen, mother-of-pearl buttons<\/span><\/p>\n<p><span style=\"font-weight: 400;\">Shorts - 100% linen<\/span><\/p>","protected":false},"excerpt":{"rendered":"<p>Mo\u017cliwo\u015b\u0107 zakupu komplet\/elementy pojedyncze: Bluzka &#8211; len 100%, guziki z macicy per\u0142owej Szorty &#8211; len 100%<\/p>","protected":false},"featured_media":1152,"template":"","meta":[],"product_brand":[],"product_cat":[28],"product_tag":[],"class_list":{"0":"post-1203","1":"product","2":"type-product","3":"status-publish","4":"has-post-thumbnail","6":"product_cat-manuscript","8":"first","9":"instock","10":"shipping-taxable","11":"product-type-simple"},"_links":{"self":[{"href":"https:\/\/asandrov.com\/en\/wp-json\/wp\/v2\/product\/1203","targetHints":{"allow":["GET"]}}],"collection":[{"href":"https:\/\/asandrov.com\/en\/wp-json\/wp\/v2\/product"}],"about":[{"href":"https:\/\/asandrov.com\/en\/wp-json\/wp\/v2\/types\/product"}],"wp:featuredmedia":[{"embeddable":true,"href":"https:\/\/asandrov.com\/en\/wp-json\/wp\/v2\/media\/1152"}],"wp:attachment":[{"href":"https:\/\/asandrov.com\/en\/wp-json\/wp\/v2\/media?parent=1203"}],"wp:term":[{"taxonomy":"product_brand","embeddable":true,"href":"https:\/\/asandrov.com\/en\/wp-json\/wp\/v2\/product_brand?post=1203"},{"taxonomy":"product_cat","embeddable":true,"href":"https:\/\/asandrov.com\/en\/wp-json\/wp\/v2\/product_cat?post=1203"},{"taxonomy":"product_tag","embeddable":true,"href":"https:\/\/asandrov.com\/en\/wp-json\/wp\/v2\/product_tag?post=1203"}],"curies":[{"name":"wp","href":"https:\/\/api.w.org\/{rel}","templated":true}]}}