{"id":1205,"date":"2025-11-13T13:28:39","date_gmt":"2025-11-13T12:28:39","guid":{"rendered":"https:\/\/asandrov.com\/?post_type=product&#038;p=1205"},"modified":"2025-11-13T19:26:07","modified_gmt":"2025-11-13T18:26:07","slug":"bluza-lniana-biala-unisex-z-haftem-i-spodnie-lniane-biale-unisex","status":"publish","type":"product","link":"https:\/\/asandrov.com\/en\/product\/bluza-lniana-biala-unisex-z-haftem-i-spodnie-lniane-biale-unisex\/","title":{"rendered":"White unisex linen sweatshirt with embroidery &amp; white unisex linen trousers"},"content":{"rendered":"<p><strong>Option to purchase a full set or individual pieces:<\/strong><\/p>\n<p><span style=\"font-weight: 400;\">Sweatshirt - 100% linen<\/span><\/p>\n<p class=\"translation-block\">Trousers - 100% linen<\/p>","protected":false},"excerpt":{"rendered":"<p>Mo\u017cliwo\u015b\u0107 zakupu komplet\/elementy pojedyncze: Bluza &#8211; len 100% Spodnie &#8211; len 100%<\/p>","protected":false},"featured_media":1154,"template":"","meta":[],"product_brand":[],"product_cat":[28],"product_tag":[],"class_list":{"0":"post-1205","1":"product","2":"type-product","3":"status-publish","4":"has-post-thumbnail","6":"product_cat-manuscript","8":"first","9":"instock","10":"shipping-taxable","11":"product-type-simple"},"_links":{"self":[{"href":"https:\/\/asandrov.com\/en\/wp-json\/wp\/v2\/product\/1205","targetHints":{"allow":["GET"]}}],"collection":[{"href":"https:\/\/asandrov.com\/en\/wp-json\/wp\/v2\/product"}],"about":[{"href":"https:\/\/asandrov.com\/en\/wp-json\/wp\/v2\/types\/product"}],"wp:featuredmedia":[{"embeddable":true,"href":"https:\/\/asandrov.com\/en\/wp-json\/wp\/v2\/media\/1154"}],"wp:attachment":[{"href":"https:\/\/asandrov.com\/en\/wp-json\/wp\/v2\/media?parent=1205"}],"wp:term":[{"taxonomy":"product_brand","embeddable":true,"href":"https:\/\/asandrov.com\/en\/wp-json\/wp\/v2\/product_brand?post=1205"},{"taxonomy":"product_cat","embeddable":true,"href":"https:\/\/asandrov.com\/en\/wp-json\/wp\/v2\/product_cat?post=1205"},{"taxonomy":"product_tag","embeddable":true,"href":"https:\/\/asandrov.com\/en\/wp-json\/wp\/v2\/product_tag?post=1205"}],"curies":[{"name":"wp","href":"https:\/\/api.w.org\/{rel}","templated":true}]}}