{"id":1207,"date":"2025-11-13T13:32:56","date_gmt":"2025-11-13T12:32:56","guid":{"rendered":"https:\/\/asandrov.com\/?post_type=product&#038;p=1207"},"modified":"2025-11-13T19:25:57","modified_gmt":"2025-11-13T18:25:57","slug":"bluza-lniana-unisex-niebieska-z-nadrukiem-i-spodnie-lniane-unisex-niebieskie","status":"publish","type":"product","link":"https:\/\/asandrov.com\/en\/product\/bluza-lniana-unisex-niebieska-z-nadrukiem-i-spodnie-lniane-unisex-niebieskie\/","title":{"rendered":"Blue unisex linen sweatshirt with print &amp; blue unisex linen trousers"},"content":{"rendered":"<p><strong>Option to purchase a full set or individual pieces:<\/strong><\/p>\n<p><span style=\"font-weight: 400;\">Sweatshirt - 100% linen<\/span><\/p>\n<p class=\"translation-block\">Trousers - 100% linen<\/p>","protected":false},"excerpt":{"rendered":"<p>Mo\u017cliwo\u015b\u0107 zakupu komplet\/elementy pojedyncze: Bluza &#8211; len 100% Spodnie &#8211; len 100%<\/p>","protected":false},"featured_media":1161,"template":"","meta":[],"product_brand":[],"product_cat":[28],"product_tag":[],"class_list":{"0":"post-1207","1":"product","2":"type-product","3":"status-publish","4":"has-post-thumbnail","6":"product_cat-manuscript","8":"first","9":"instock","10":"shipping-taxable","11":"product-type-simple"},"_links":{"self":[{"href":"https:\/\/asandrov.com\/en\/wp-json\/wp\/v2\/product\/1207","targetHints":{"allow":["GET"]}}],"collection":[{"href":"https:\/\/asandrov.com\/en\/wp-json\/wp\/v2\/product"}],"about":[{"href":"https:\/\/asandrov.com\/en\/wp-json\/wp\/v2\/types\/product"}],"wp:featuredmedia":[{"embeddable":true,"href":"https:\/\/asandrov.com\/en\/wp-json\/wp\/v2\/media\/1161"}],"wp:attachment":[{"href":"https:\/\/asandrov.com\/en\/wp-json\/wp\/v2\/media?parent=1207"}],"wp:term":[{"taxonomy":"product_brand","embeddable":true,"href":"https:\/\/asandrov.com\/en\/wp-json\/wp\/v2\/product_brand?post=1207"},{"taxonomy":"product_cat","embeddable":true,"href":"https:\/\/asandrov.com\/en\/wp-json\/wp\/v2\/product_cat?post=1207"},{"taxonomy":"product_tag","embeddable":true,"href":"https:\/\/asandrov.com\/en\/wp-json\/wp\/v2\/product_tag?post=1207"}],"curies":[{"name":"wp","href":"https:\/\/api.w.org\/{rel}","templated":true}]}}