{"id":1209,"date":"2025-11-13T13:36:43","date_gmt":"2025-11-13T12:36:43","guid":{"rendered":"https:\/\/asandrov.com\/?post_type=product&#038;p=1209"},"modified":"2025-11-13T19:25:53","modified_gmt":"2025-11-13T18:25:53","slug":"top-lniany-bialy-unisex-z-nadrukiem-i-spodnie-lniane-biale-unisex","status":"publish","type":"product","link":"https:\/\/asandrov.com\/en\/product\/top-lniany-bialy-unisex-z-nadrukiem-i-spodnie-lniane-biale-unisex\/","title":{"rendered":"White unisex linen top with print &amp; white unisex linen trousers"},"content":{"rendered":"<p><span style=\"font-weight: 400;\"><strong>Option to purchase a full set or individual pieces:<\/strong><\/span><\/p>\n<p><span style=\"font-weight: 400;\">Top - 100% linen, back zipper<\/span><\/p>\n<p class=\"translation-block\">Trousers - 100% linen<\/p>","protected":false},"excerpt":{"rendered":"<p>Mo\u017cliwo\u015b\u0107 zakupu komplet\/elementy pojedyncze: Top &#8211; len 100% suwak z ty\u0142u Spodnie &#8211; len 100%<\/p>","protected":false},"featured_media":1163,"template":"","meta":[],"product_brand":[],"product_cat":[28],"product_tag":[],"class_list":{"0":"post-1209","1":"product","2":"type-product","3":"status-publish","4":"has-post-thumbnail","6":"product_cat-manuscript","8":"first","9":"instock","10":"shipping-taxable","11":"product-type-simple"},"_links":{"self":[{"href":"https:\/\/asandrov.com\/en\/wp-json\/wp\/v2\/product\/1209","targetHints":{"allow":["GET"]}}],"collection":[{"href":"https:\/\/asandrov.com\/en\/wp-json\/wp\/v2\/product"}],"about":[{"href":"https:\/\/asandrov.com\/en\/wp-json\/wp\/v2\/types\/product"}],"wp:featuredmedia":[{"embeddable":true,"href":"https:\/\/asandrov.com\/en\/wp-json\/wp\/v2\/media\/1163"}],"wp:attachment":[{"href":"https:\/\/asandrov.com\/en\/wp-json\/wp\/v2\/media?parent=1209"}],"wp:term":[{"taxonomy":"product_brand","embeddable":true,"href":"https:\/\/asandrov.com\/en\/wp-json\/wp\/v2\/product_brand?post=1209"},{"taxonomy":"product_cat","embeddable":true,"href":"https:\/\/asandrov.com\/en\/wp-json\/wp\/v2\/product_cat?post=1209"},{"taxonomy":"product_tag","embeddable":true,"href":"https:\/\/asandrov.com\/en\/wp-json\/wp\/v2\/product_tag?post=1209"}],"curies":[{"name":"wp","href":"https:\/\/api.w.org\/{rel}","templated":true}]}}