{"id":1225,"date":"2025-11-13T16:41:00","date_gmt":"2025-11-13T15:41:00","guid":{"rendered":"https:\/\/asandrov.com\/?post_type=product&#038;p=1225"},"modified":"2025-11-13T20:28:16","modified_gmt":"2025-11-13T19:28:16","slug":"tunika-lniana-damska-bezowa-z-haftem-pas-lniany-bezowy-z-nadrukiem-i-szorty-lniane-damskie-niebieskie","status":"publish","type":"product","link":"https:\/\/asandrov.com\/en\/product\/tunika-lniana-damska-bezowa-z-haftem-pas-lniany-bezowy-z-nadrukiem-i-szorty-lniane-damskie-niebieskie\/","title":{"rendered":"Beige women's linen tunic with embroidery &amp; beige linen belt with print &amp; blue women's linen shorts"},"content":{"rendered":"<p><span style=\"font-weight: 400;\"><strong>Option to purchase a full set or individual pieces:<\/strong><\/span><\/p>\n<p><span style=\"font-weight: 400;\">Tunic - 100% linen, silk lining<\/span><\/p>\n<p><span style=\"font-weight: 400;\">Belt - 100% linen<\/span><\/p>\n<p><span style=\"font-weight: 400;\">Shorts - 100% linen<\/span><\/p>","protected":false},"excerpt":{"rendered":"<p>Mo\u017cliwo\u015b\u0107 zakupu komplet\/elementy pojedyncze: Tunika &#8211; len 100%, jedwabna podszewka Pas &#8211; len 100% Szorty &#8211; len 100%<\/p>","protected":false},"featured_media":1158,"template":"","meta":[],"product_brand":[],"product_cat":[28],"product_tag":[],"class_list":{"0":"post-1225","1":"product","2":"type-product","3":"status-publish","4":"has-post-thumbnail","6":"product_cat-manuscript","8":"first","9":"instock","10":"shipping-taxable","11":"product-type-simple"},"_links":{"self":[{"href":"https:\/\/asandrov.com\/en\/wp-json\/wp\/v2\/product\/1225","targetHints":{"allow":["GET"]}}],"collection":[{"href":"https:\/\/asandrov.com\/en\/wp-json\/wp\/v2\/product"}],"about":[{"href":"https:\/\/asandrov.com\/en\/wp-json\/wp\/v2\/types\/product"}],"wp:featuredmedia":[{"embeddable":true,"href":"https:\/\/asandrov.com\/en\/wp-json\/wp\/v2\/media\/1158"}],"wp:attachment":[{"href":"https:\/\/asandrov.com\/en\/wp-json\/wp\/v2\/media?parent=1225"}],"wp:term":[{"taxonomy":"product_brand","embeddable":true,"href":"https:\/\/asandrov.com\/en\/wp-json\/wp\/v2\/product_brand?post=1225"},{"taxonomy":"product_cat","embeddable":true,"href":"https:\/\/asandrov.com\/en\/wp-json\/wp\/v2\/product_cat?post=1225"},{"taxonomy":"product_tag","embeddable":true,"href":"https:\/\/asandrov.com\/en\/wp-json\/wp\/v2\/product_tag?post=1225"}],"curies":[{"name":"wp","href":"https:\/\/api.w.org\/{rel}","templated":true}]}}