{"id":1255,"date":"2025-11-13T17:06:08","date_gmt":"2025-11-13T16:06:08","guid":{"rendered":"https:\/\/asandrov.com\/?post_type=product&#038;p=1255"},"modified":"2025-11-13T19:25:15","modified_gmt":"2025-11-13T18:25:15","slug":"tunika-jedwabna-unisex-niebieska-i-gorset-unisex-niebieski","status":"publish","type":"product","link":"https:\/\/asandrov.com\/en\/product\/tunika-jedwabna-unisex-niebieska-i-gorset-unisex-niebieski\/","title":{"rendered":"Unisex blue silk tunic &amp; unisex blue corset"},"content":{"rendered":"<p><strong>Option to purchase a full set or individual pieces:<\/strong><\/p>\n<p><span style=\"font-weight: 400;\">Tunic - 100% silk shantung, appliqu\u00e9s, side zipper<\/span><\/p>\n<p><span style=\"font-weight: 400;\">Corset - 100% silk shantung, tulle, chiffon, appliqu\u00e9s<\/span><\/p>","protected":false},"excerpt":{"rendered":"<p>Mo\u017cliwo\u015b\u0107 zakupu komplet\/elementy pojedyncze: Tunika &#8211; jedwab szantung 100%, aplikacje, suwak z boku Gorset &#8211; jedwab szantung 100%, aplikacje, tiul, szyfon<\/p>","protected":false},"featured_media":1244,"template":"","meta":[],"product_brand":[],"product_cat":[29],"product_tag":[],"class_list":{"0":"post-1255","1":"product","2":"type-product","3":"status-publish","4":"has-post-thumbnail","6":"product_cat-outliers","8":"first","9":"instock","10":"shipping-taxable","11":"product-type-simple"},"_links":{"self":[{"href":"https:\/\/asandrov.com\/en\/wp-json\/wp\/v2\/product\/1255","targetHints":{"allow":["GET"]}}],"collection":[{"href":"https:\/\/asandrov.com\/en\/wp-json\/wp\/v2\/product"}],"about":[{"href":"https:\/\/asandrov.com\/en\/wp-json\/wp\/v2\/types\/product"}],"wp:featuredmedia":[{"embeddable":true,"href":"https:\/\/asandrov.com\/en\/wp-json\/wp\/v2\/media\/1244"}],"wp:attachment":[{"href":"https:\/\/asandrov.com\/en\/wp-json\/wp\/v2\/media?parent=1255"}],"wp:term":[{"taxonomy":"product_brand","embeddable":true,"href":"https:\/\/asandrov.com\/en\/wp-json\/wp\/v2\/product_brand?post=1255"},{"taxonomy":"product_cat","embeddable":true,"href":"https:\/\/asandrov.com\/en\/wp-json\/wp\/v2\/product_cat?post=1255"},{"taxonomy":"product_tag","embeddable":true,"href":"https:\/\/asandrov.com\/en\/wp-json\/wp\/v2\/product_tag?post=1255"}],"curies":[{"name":"wp","href":"https:\/\/api.w.org\/{rel}","templated":true}]}}