{"id":1258,"date":"2025-11-13T17:11:07","date_gmt":"2025-11-13T16:11:07","guid":{"rendered":"https:\/\/asandrov.com\/?post_type=product&#038;p=1258"},"modified":"2025-11-13T19:25:00","modified_gmt":"2025-11-13T18:25:00","slug":"gorset-unisex-fioletowy-i-spodnie-unisex-fioletowe","status":"publish","type":"product","link":"https:\/\/asandrov.com\/en\/product\/gorset-unisex-fioletowy-i-spodnie-unisex-fioletowe\/","title":{"rendered":"Unisex purple corset &amp; unisex purple trousers"},"content":{"rendered":"<p><strong>Option to purchase a full set or individual pieces:<\/strong><\/p>\n<p><span style=\"font-weight: 400;\">Corset - 100% silk shantung, tulle, chiffon, appliqu\u00e9s<\/span><\/p>\n<p><span style=\"font-weight: 400;\">Trousers - 100% silk shantung<\/span><\/p>","protected":false},"excerpt":{"rendered":"<p>Mo\u017cliwo\u015b\u0107 zakupu komplet\/elementy pojedyncze: Gorset &#8211; jedwab szantung 100%, tiul, szyfon, aplikacje Spodnie &#8211; jedwab szantung 100%<\/p>","protected":false},"featured_media":1251,"template":"","meta":[],"product_brand":[],"product_cat":[29],"product_tag":[],"class_list":{"0":"post-1258","1":"product","2":"type-product","3":"status-publish","4":"has-post-thumbnail","6":"product_cat-outliers","8":"first","9":"instock","10":"shipping-taxable","11":"product-type-simple"},"_links":{"self":[{"href":"https:\/\/asandrov.com\/en\/wp-json\/wp\/v2\/product\/1258","targetHints":{"allow":["GET"]}}],"collection":[{"href":"https:\/\/asandrov.com\/en\/wp-json\/wp\/v2\/product"}],"about":[{"href":"https:\/\/asandrov.com\/en\/wp-json\/wp\/v2\/types\/product"}],"wp:featuredmedia":[{"embeddable":true,"href":"https:\/\/asandrov.com\/en\/wp-json\/wp\/v2\/media\/1251"}],"wp:attachment":[{"href":"https:\/\/asandrov.com\/en\/wp-json\/wp\/v2\/media?parent=1258"}],"wp:term":[{"taxonomy":"product_brand","embeddable":true,"href":"https:\/\/asandrov.com\/en\/wp-json\/wp\/v2\/product_brand?post=1258"},{"taxonomy":"product_cat","embeddable":true,"href":"https:\/\/asandrov.com\/en\/wp-json\/wp\/v2\/product_cat?post=1258"},{"taxonomy":"product_tag","embeddable":true,"href":"https:\/\/asandrov.com\/en\/wp-json\/wp\/v2\/product_tag?post=1258"}],"curies":[{"name":"wp","href":"https:\/\/api.w.org\/{rel}","templated":true}]}}